{"id":801,"date":"2023-05-10T15:15:26","date_gmt":"2023-05-10T13:15:26","guid":{"rendered":"https:\/\/frhb10946ds.ikexpress.com\/~hernot\/chateauvillemartin\/?page_id=801"},"modified":"2023-06-22T15:22:40","modified_gmt":"2023-06-22T13:22:40","slug":"mentions-legales","status":"publish","type":"page","link":"https:\/\/chateaudevillemartin.fr\/en\/mentions-legales\/","title":{"rendered":"Legal information"},"content":{"rendered":"<div style=\"height:38px\" aria-hidden=\"true\" class=\"wp-block-spacer\"><\/div>\n\n\n\n<section class=\"titre\">\n    <h1 style=\"color:#323E48;\"> Legal information <\/h1>\n    \n  <\/section>\n\n\n\n<div style=\"height:100px\" aria-hidden=\"true\" class=\"wp-block-spacer\"><\/div>\n\n\n\n<section class=\"titre\">\n    <h2 style=\"color:#323E48;\"> Informations l\u00e9gales sur l&#8217;entreprise : <\/h2>\n    <div class=\"rectangle\">\n    <\/div>\n  <\/section>\n\n\n\n<div style=\"height:38px\" aria-hidden=\"true\" class=\"wp-block-spacer\"><\/div>\n\n\n\n<p> Nom de l&#8217;entreprise: SCEA DU CHATEAU DE VILLEMARTIN<\/p>\n\n\n\n<p> Forme juridique: SCEA <\/p>\n\n\n\n<p> Capital social: 1 000\u20ac<\/p>\n\n\n\n<p>Si\u00e8ge social: Domaine de Villemartin 11300 Gaja et Villedieu <\/p>\n\n\n\n<p>Num\u00e9ro de t\u00e9l\u00e9phone: [Num\u00e9ro de t\u00e9l\u00e9phone de l&#8217;entreprise] <\/p>\n\n\n\n<p>Adresse e-mail: [Adresse e-mail de l&#8217;entreprise] <\/p>\n\n\n\n<p>Num\u00e9ro d&#8217;inscription au registre du commerce et des soci\u00e9t\u00e9s (RCS): Carcassonne D 820&nbsp;196&nbsp;806<\/p>\n\n\n\n<p>Num\u00e9ro individuel d&#8217;identification fiscale (TVA intracommunautaire): FR63820196806<\/p>\n\n\n\n<div style=\"height:38px\" aria-hidden=\"true\" class=\"wp-block-spacer\"><\/div>\n\n\n\n<section class=\"titre\">\n    <h1 style=\"color:#323E48;\"> Informations l\u00e9gales sur le site internet : <\/h1>\n    <div class=\"rectangle\">\n    <\/div>\n  <\/section>\n\n\n\n<div style=\"height:38px\" aria-hidden=\"true\" class=\"wp-block-spacer\"><\/div>\n\n\n\n<p>Nom du site internet: [Nom du site internet] <\/p>\n\n\n\n<p>URL du site internet: [URL du site internet] <\/p>\n\n\n\n<p>Directeur de la publication: [Nom et pr\u00e9nom du directeur de la publication] <\/p>\n\n\n\n<p>Responsable de la r\u00e9daction: [Nom et pr\u00e9nom du responsable de la r\u00e9daction] <\/p>\n\n\n\n<p>H\u00e9bergement: [Nom de l&#8217;h\u00e9bergeur du site internet] <\/p>\n\n\n\n<p>Adresse de l&#8217;h\u00e9bergeur: [Adresse de l&#8217;h\u00e9bergeur du site internet]<\/p>\n\n\n\n<div style=\"height:38px\" aria-hidden=\"true\" class=\"wp-block-spacer\"><\/div>\n\n\n\n<section class=\"titre\">\n    <h1 style=\"color:#323E48;\"> Propri\u00e9t\u00e9 intellectuelle : <\/h1>\n    <div class=\"rectangle\">\n    <\/div>\n  <\/section>\n\n\n\n<div style=\"height:38px\" aria-hidden=\"true\" class=\"wp-block-spacer\"><\/div>\n\n\n\n<p> Le contenu du site internet (textes, images, logos, etc.) est prot\u00e9g\u00e9 par les lois relatives \u00e0 la propri\u00e9t\u00e9 intellectuelle. Toute reproduction, repr\u00e9sentation, modification, publication, transmission, ou plus g\u00e9n\u00e9ralement toute exploitation non autoris\u00e9e du site et\/ou de son contenu engage la responsabilit\u00e9 de son utilisateur et est susceptible d&#8217;entra\u00eener des poursuites judiciaires. Les photographies sont pour une partie libre de droit et d&#8217;autres ont \u00e9t\u00e9 prise par nous m\u00eame sur le domaine de Villemartin. Certaines photos ont \u00e9t\u00e9 prises par Camilia, photographe sur Toulouse. Vous pouvez retrouvez ses photos sur son site internet : <a href=\"https:\/\/camilagarciaph.com\/\" target=\"_blank\" rel=\"noreferrer noopener\">https:\/\/camilagarciaph.com\/<\/a>. Elle dispose des d&#8217;auteurs sur certaines et nous autorise son utilisation. <\/p>\n\n\n\n<div style=\"height:38px\" aria-hidden=\"true\" class=\"wp-block-spacer\"><\/div>\n\n\n\n<section class=\"titre\">\n    <h1 style=\"color:#323E48;\"> Donn\u00e9es personnelles : <\/h1>\n    <div class=\"rectangle\">\n    <\/div>\n  <\/section>\n\n\n\n<div style=\"height:38px\" aria-hidden=\"true\" class=\"wp-block-spacer\"><\/div>\n\n\n\n<p>Le site internet collecte des donn\u00e9es personnelles de ses utilisateurs, notamment via des formulaires de contact et de r\u00e9servation. Ces donn\u00e9es sont utilis\u00e9es dans le cadre de la gestion des r\u00e9servations et de la relation client. Les utilisateurs disposent d&#8217;un droit d&#8217;acc\u00e8s, de rectification et de suppression des donn\u00e9es les concernant.<\/p>\n\n\n\n<div style=\"height:38px\" aria-hidden=\"true\" class=\"wp-block-spacer\"><\/div>\n\n\n\n<section class=\"titre\">\n    <h1 style=\"color:#323E48;\"> Cookies : <\/h1>\n    <div class=\"rectangle\">\n    <\/div>\n  <\/section>\n\n\n\n<div style=\"height:38px\" aria-hidden=\"true\" class=\"wp-block-spacer\"><\/div>\n\n\n\n<p>Le site internet utilise des cookies pour am\u00e9liorer l&#8217;exp\u00e9rience de ses utilisateurs. Les utilisateurs peuvent param\u00e9trer leur navigateur pour d\u00e9sactiver les cookies.<\/p>\n\n\n\n<div style=\"height:38px\" aria-hidden=\"true\" class=\"wp-block-spacer\"><\/div>\n\n\n\n<section class=\"titre\">\n    <h1 style=\"color:#323E48;\"> Litiges :<\/h1>\n    <div class=\"rectangle\">\n    <\/div>\n  <\/section>\n\n\n\n<div style=\"height:38px\" aria-hidden=\"true\" class=\"wp-block-spacer\"><\/div>\n\n\n\n<p> Tout litige relatif \u00e0 l&#8217;utilisation du site internet sera soumis \u00e0 la comp\u00e9tence exclusive des tribunaux comp\u00e9tents de Carcassonne.<\/p>\n\n\n\n<div style=\"height:38px\" aria-hidden=\"true\" class=\"wp-block-spacer\"><\/div>","protected":false},"excerpt":{"rendered":"<p>Mentions l\u00e9gales Informations l\u00e9gales sur l&#8217;entreprise : Nom de l&#8217;entreprise: SCEA DU CHATEAU DE VILLEMARTIN Forme juridique: SCEA Capital social: 1 000\u20ac Si\u00e8ge social: Domaine de Villemartin 11300 Gaja et Villedieu Num\u00e9ro de t\u00e9l\u00e9phone: [Num\u00e9ro de t\u00e9l\u00e9phone de l&#8217;entreprise] Adresse e-mail: [Adresse e-mail de l&#8217;entreprise] Num\u00e9ro d&#8217;inscription au registre du commerce et des soci\u00e9t\u00e9s (RCS):&hellip;&nbsp;<a href=\"https:\/\/chateaudevillemartin.fr\/en\/mentions-legales\/\" class=\"\" rel=\"bookmark\">Read More &raquo;<span class=\"screen-reader-text\">Legal information<\/span><\/a><\/p>","protected":false},"author":1,"featured_media":0,"parent":0,"menu_order":0,"comment_status":"closed","ping_status":"closed","template":"","meta":{"neve_meta_sidebar":"","neve_meta_container":"","neve_meta_enable_content_width":"","neve_meta_content_width":0,"neve_meta_title_alignment":"","neve_meta_author_avatar":"","neve_post_elements_order":"","neve_meta_disable_header":"off","neve_meta_disable_footer":"","neve_meta_disable_title":"on","footnotes":""},"class_list":["post-801","page","type-page","status-publish","hentry"],"acf":[],"yoast_head":"<!-- This site is optimized with the Yoast SEO plugin v20.13 - https:\/\/yoast.com\/wordpress\/plugins\/seo\/ -->\n<title>Mentions l\u00e9gales - Ch\u00e2teau de Villemartin<\/title>\n<meta name=\"robots\" content=\"index, follow, max-snippet:-1, max-image-preview:large, max-video-preview:-1\" \/>\n<link rel=\"canonical\" href=\"https:\/\/chateaudevillemartin.fr\/en\/mentions-legales\/\" \/>\n<meta property=\"og:locale\" content=\"en_GB\" \/>\n<meta property=\"og:type\" content=\"article\" \/>\n<meta property=\"og:title\" content=\"Mentions l\u00e9gales - Ch\u00e2teau de Villemartin\" \/>\n<meta property=\"og:description\" content=\"Mentions l\u00e9gales Informations l\u00e9gales sur l&#8217;entreprise : Nom de l&#8217;entreprise: SCEA DU CHATEAU DE VILLEMARTIN Forme juridique: SCEA Capital social: 1 000\u20ac Si\u00e8ge social: Domaine de Villemartin 11300 Gaja et Villedieu Num\u00e9ro de t\u00e9l\u00e9phone: [Num\u00e9ro de t\u00e9l\u00e9phone de l&#8217;entreprise] Adresse e-mail: [Adresse e-mail de l&#8217;entreprise] Num\u00e9ro d&#8217;inscription au registre du commerce et des soci\u00e9t\u00e9s (RCS):&hellip;&nbsp;Read More &raquo;Mentions l\u00e9gales\" \/>\n<meta property=\"og:url\" content=\"https:\/\/chateaudevillemartin.fr\/en\/mentions-legales\/\" \/>\n<meta property=\"og:site_name\" content=\"Ch\u00e2teau de Villemartin\" \/>\n<meta property=\"article:publisher\" content=\"https:\/\/www.facebook.com\/Chateaudevillemartin\" \/>\n<meta property=\"article:modified_time\" content=\"2023-06-22T13:22:40+00:00\" \/>\n<meta name=\"twitter:card\" content=\"summary_large_image\" \/>\n<meta name=\"twitter:label1\" content=\"Estimated reading time\" \/>\n\t<meta name=\"twitter:data1\" content=\"2 minutes\" \/>\n<script type=\"application\/ld+json\" class=\"yoast-schema-graph\">{\"@context\":\"https:\/\/schema.org\",\"@graph\":[{\"@type\":\"WebPage\",\"@id\":\"https:\/\/chateaudevillemartin.fr\/mentions-legales\/\",\"url\":\"https:\/\/chateaudevillemartin.fr\/mentions-legales\/\",\"name\":\"Mentions l\u00e9gales - Ch\u00e2teau de Villemartin\",\"isPartOf\":{\"@id\":\"https:\/\/chateaudevillemartin.fr\/#website\"},\"datePublished\":\"2023-05-10T13:15:26+00:00\",\"dateModified\":\"2023-06-22T13:22:40+00:00\",\"breadcrumb\":{\"@id\":\"https:\/\/chateaudevillemartin.fr\/mentions-legales\/#breadcrumb\"},\"inLanguage\":\"en-GB\",\"potentialAction\":[{\"@type\":\"ReadAction\",\"target\":[\"https:\/\/chateaudevillemartin.fr\/mentions-legales\/\"]}]},{\"@type\":\"BreadcrumbList\",\"@id\":\"https:\/\/chateaudevillemartin.fr\/mentions-legales\/#breadcrumb\",\"itemListElement\":[{\"@type\":\"ListItem\",\"position\":1,\"name\":\"Accueil\",\"item\":\"https:\/\/chateaudevillemartin.fr\/\"},{\"@type\":\"ListItem\",\"position\":2,\"name\":\"Mentions l\u00e9gales\"}]},{\"@type\":\"WebSite\",\"@id\":\"https:\/\/chateaudevillemartin.fr\/#website\",\"url\":\"https:\/\/chateaudevillemartin.fr\/\",\"name\":\"Ch\u00e2teau de Villemartin\",\"description\":\"\",\"publisher\":{\"@id\":\"https:\/\/chateaudevillemartin.fr\/#organization\"},\"potentialAction\":[{\"@type\":\"SearchAction\",\"target\":{\"@type\":\"EntryPoint\",\"urlTemplate\":\"https:\/\/chateaudevillemartin.fr\/?s={search_term_string}\"},\"query-input\":\"required name=search_term_string\"}],\"inLanguage\":\"en-GB\"},{\"@type\":\"Organization\",\"@id\":\"https:\/\/chateaudevillemartin.fr\/#organization\",\"name\":\"Ch\u00e2teau de Villemartin\",\"url\":\"https:\/\/chateaudevillemartin.fr\/\",\"logo\":{\"@type\":\"ImageObject\",\"inLanguage\":\"en-GB\",\"@id\":\"https:\/\/chateaudevillemartin.fr\/#\/schema\/logo\/image\/\",\"url\":\"https:\/\/chateaudevillemartin.fr\/wp-content\/uploads\/2023\/04\/lOGO-GRIS-BLANC.png\",\"contentUrl\":\"https:\/\/chateaudevillemartin.fr\/wp-content\/uploads\/2023\/04\/lOGO-GRIS-BLANC.png\",\"width\":1064,\"height\":619,\"caption\":\"Ch\u00e2teau de Villemartin\"},\"image\":{\"@id\":\"https:\/\/chateaudevillemartin.fr\/#\/schema\/logo\/image\/\"},\"sameAs\":[\"https:\/\/www.facebook.com\/Chateaudevillemartin\",\"https:\/\/www.instagram.com\/chateaudevillemartin\/\"]}]}<\/script>\n<!-- \/ Yoast SEO plugin. -->","yoast_head_json":{"title":"Mentions l\u00e9gales - Ch\u00e2teau de Villemartin","robots":{"index":"index","follow":"follow","max-snippet":"max-snippet:-1","max-image-preview":"max-image-preview:large","max-video-preview":"max-video-preview:-1"},"canonical":"https:\/\/chateaudevillemartin.fr\/en\/mentions-legales\/","og_locale":"en_GB","og_type":"article","og_title":"Mentions l\u00e9gales - Ch\u00e2teau de Villemartin","og_description":"Mentions l\u00e9gales Informations l\u00e9gales sur l&#8217;entreprise : Nom de l&#8217;entreprise: SCEA DU CHATEAU DE VILLEMARTIN Forme juridique: SCEA Capital social: 1 000\u20ac Si\u00e8ge social: Domaine de Villemartin 11300 Gaja et Villedieu Num\u00e9ro de t\u00e9l\u00e9phone: [Num\u00e9ro de t\u00e9l\u00e9phone de l&#8217;entreprise] Adresse e-mail: [Adresse e-mail de l&#8217;entreprise] Num\u00e9ro d&#8217;inscription au registre du commerce et des soci\u00e9t\u00e9s (RCS):&hellip;&nbsp;Read More &raquo;Mentions l\u00e9gales","og_url":"https:\/\/chateaudevillemartin.fr\/en\/mentions-legales\/","og_site_name":"Ch\u00e2teau de Villemartin","article_publisher":"https:\/\/www.facebook.com\/Chateaudevillemartin","article_modified_time":"2023-06-22T13:22:40+00:00","twitter_card":"summary_large_image","twitter_misc":{"Estimated reading time":"2 minutes"},"schema":{"@context":"https:\/\/schema.org","@graph":[{"@type":"WebPage","@id":"https:\/\/chateaudevillemartin.fr\/mentions-legales\/","url":"https:\/\/chateaudevillemartin.fr\/mentions-legales\/","name":"Mentions l\u00e9gales - Ch\u00e2teau de Villemartin","isPartOf":{"@id":"https:\/\/chateaudevillemartin.fr\/#website"},"datePublished":"2023-05-10T13:15:26+00:00","dateModified":"2023-06-22T13:22:40+00:00","breadcrumb":{"@id":"https:\/\/chateaudevillemartin.fr\/mentions-legales\/#breadcrumb"},"inLanguage":"en-GB","potentialAction":[{"@type":"ReadAction","target":["https:\/\/chateaudevillemartin.fr\/mentions-legales\/"]}]},{"@type":"BreadcrumbList","@id":"https:\/\/chateaudevillemartin.fr\/mentions-legales\/#breadcrumb","itemListElement":[{"@type":"ListItem","position":1,"name":"Accueil","item":"https:\/\/chateaudevillemartin.fr\/"},{"@type":"ListItem","position":2,"name":"Mentions l\u00e9gales"}]},{"@type":"WebSite","@id":"https:\/\/chateaudevillemartin.fr\/#website","url":"https:\/\/chateaudevillemartin.fr\/","name":"Ch\u00e2teau de Villemartin","description":"","publisher":{"@id":"https:\/\/chateaudevillemartin.fr\/#organization"},"potentialAction":[{"@type":"SearchAction","target":{"@type":"EntryPoint","urlTemplate":"https:\/\/chateaudevillemartin.fr\/?s={search_term_string}"},"query-input":"required name=search_term_string"}],"inLanguage":"en-GB"},{"@type":"Organization","@id":"https:\/\/chateaudevillemartin.fr\/#organization","name":"Ch\u00e2teau de Villemartin","url":"https:\/\/chateaudevillemartin.fr\/","logo":{"@type":"ImageObject","inLanguage":"en-GB","@id":"https:\/\/chateaudevillemartin.fr\/#\/schema\/logo\/image\/","url":"https:\/\/chateaudevillemartin.fr\/wp-content\/uploads\/2023\/04\/lOGO-GRIS-BLANC.png","contentUrl":"https:\/\/chateaudevillemartin.fr\/wp-content\/uploads\/2023\/04\/lOGO-GRIS-BLANC.png","width":1064,"height":619,"caption":"Ch\u00e2teau de Villemartin"},"image":{"@id":"https:\/\/chateaudevillemartin.fr\/#\/schema\/logo\/image\/"},"sameAs":["https:\/\/www.facebook.com\/Chateaudevillemartin","https:\/\/www.instagram.com\/chateaudevillemartin\/"]}]}},"_links":{"self":[{"href":"https:\/\/chateaudevillemartin.fr\/en\/wp-json\/wp\/v2\/pages\/801","targetHints":{"allow":["GET"]}}],"collection":[{"href":"https:\/\/chateaudevillemartin.fr\/en\/wp-json\/wp\/v2\/pages"}],"about":[{"href":"https:\/\/chateaudevillemartin.fr\/en\/wp-json\/wp\/v2\/types\/page"}],"author":[{"embeddable":true,"href":"https:\/\/chateaudevillemartin.fr\/en\/wp-json\/wp\/v2\/users\/1"}],"replies":[{"embeddable":true,"href":"https:\/\/chateaudevillemartin.fr\/en\/wp-json\/wp\/v2\/comments?post=801"}],"version-history":[{"count":8,"href":"https:\/\/chateaudevillemartin.fr\/en\/wp-json\/wp\/v2\/pages\/801\/revisions"}],"predecessor-version":[{"id":1320,"href":"https:\/\/chateaudevillemartin.fr\/en\/wp-json\/wp\/v2\/pages\/801\/revisions\/1320"}],"wp:attachment":[{"href":"https:\/\/chateaudevillemartin.fr\/en\/wp-json\/wp\/v2\/media?parent=801"}],"curies":[{"name":"wp","href":"https:\/\/api.w.org\/{rel}","templated":true}]}}