{"id":154,"date":"2023-02-28T10:02:22","date_gmt":"2023-02-28T09:02:22","guid":{"rendered":"https:\/\/frhb10946ds.ikexpress.com\/~hernot\/chateauvillemartin\/?page_id=154"},"modified":"2025-08-25T11:44:55","modified_gmt":"2025-08-25T09:44:55","slug":"mariage-chateau-pres-de-carcassonne","status":"publish","type":"page","link":"https:\/\/chateaudevillemartin.fr\/en\/mariage-chateau-pres-de-carcassonne\/","title":{"rendered":"Les mariages"},"content":{"rendered":"<div class=\"wp-block-cover alignfull is-light\" style=\"min-height:300px;aspect-ratio:unset;\"><img loading=\"lazy\" decoding=\"async\" width=\"1024\" height=\"683\" class=\"wp-block-cover__image-background wp-image-1703 size-large\" alt=\"\" src=\"https:\/\/i0.wp.com\/chateaudevillemartin.fr\/wp-content\/uploads\/2025\/08\/CHATEAUDEVILLEMARTINHD-166.jpg?resize=1024%2C683&#038;ssl=1\" style=\"object-position:54% 76%\" data-object-fit=\"cover\" data-object-position=\"54% 76%\" srcset=\"https:\/\/i0.wp.com\/chateaudevillemartin.fr\/wp-content\/uploads\/2025\/08\/CHATEAUDEVILLEMARTINHD-166-scaled.jpg?resize=1024%2C683&amp;ssl=1 1024w, https:\/\/i0.wp.com\/chateaudevillemartin.fr\/wp-content\/uploads\/2025\/08\/CHATEAUDEVILLEMARTINHD-166-scaled.jpg?resize=300%2C200&amp;ssl=1 300w, https:\/\/i0.wp.com\/chateaudevillemartin.fr\/wp-content\/uploads\/2025\/08\/CHATEAUDEVILLEMARTINHD-166-scaled.jpg?resize=768%2C512&amp;ssl=1 768w, https:\/\/i0.wp.com\/chateaudevillemartin.fr\/wp-content\/uploads\/2025\/08\/CHATEAUDEVILLEMARTINHD-166-scaled.jpg?resize=1536%2C1024&amp;ssl=1 1536w, https:\/\/i0.wp.com\/chateaudevillemartin.fr\/wp-content\/uploads\/2025\/08\/CHATEAUDEVILLEMARTINHD-166-scaled.jpg?resize=2048%2C1365&amp;ssl=1 2048w, https:\/\/i0.wp.com\/chateaudevillemartin.fr\/wp-content\/uploads\/2025\/08\/CHATEAUDEVILLEMARTINHD-166-scaled.jpg?resize=18%2C12&amp;ssl=1 18w, https:\/\/i0.wp.com\/chateaudevillemartin.fr\/wp-content\/uploads\/2025\/08\/CHATEAUDEVILLEMARTINHD-166-scaled.jpg?resize=930%2C620&amp;ssl=1 930w, https:\/\/i0.wp.com\/chateaudevillemartin.fr\/wp-content\/uploads\/2025\/08\/CHATEAUDEVILLEMARTINHD-166-scaled.jpg?w=2400&amp;ssl=1 2400w\" sizes=\"auto, (max-width: 1024px) 100vw, 1024px\" data-recalc-dims=\"1\" \/><span aria-hidden=\"true\" class=\"wp-block-cover__background has-background-dim-0 has-background-dim\" style=\"background-color:#c7beb8\"><\/span><div class=\"wp-block-cover__inner-container is-layout-flow wp-block-cover-is-layout-flow\">\n<p class=\"has-text-align-center has-large-font-size\"><\/p>\n<\/div><\/div>\n\n\n\n<section class=\"titre\">\n    <h2 style=\"color:#323E48;\"> Organise your wedding near Carcassonne <\/h2>\n    <div class=\"rectangle\">\n    <\/div>\n  <\/section>\n\n\n\n<div style=\"height:24px\" aria-hidden=\"true\" class=\"wp-block-spacer\"><\/div>\n\n\n\n<p class=\"paragraphe\">Organise your wedding at Ch\u00e2teau de Villemartin in a romantic setting. Just a few kilometres from <strong>Limoux<\/strong> and <strong>Carcassonne<\/strong> and at 1 hour to <strong>Toulouse<\/strong>, you can create the wedding of your dreams near the <strong>Pyr\u00e9n\u00e9es<\/strong>. Whatever the number of guests you wish to invite, we have a large hall that can accommodate up to 200 people. The ch\u00e2teau also has catering facilities, making it easy to organise your wedding<\/p>\n\n\n\n<div class=\"wp-block-buttons is-content-justification-center is-layout-flex wp-container-core-buttons-is-layout-16018d1d wp-block-buttons-is-layout-flex\">\n<div class=\"wp-block-button\"><a class=\"wp-block-button__link wp-element-button\" href=\"https:\/\/www.mariage-chateau-villemartin.com\/\">More information<\/a><\/div>\n<\/div>\n\n\n\n<div class=\"wp-block-columns is-layout-flex wp-container-core-columns-is-layout-9d6595d7 wp-block-columns-is-layout-flex\">\n<div class=\"wp-block-column is-layout-flow wp-block-column-is-layout-flow\"><\/div>\n<\/div>\n\n\n\n<figure class=\"wp-block-gallery has-nested-images columns-default is-cropped wp-block-gallery-1 is-layout-flex wp-block-gallery-is-layout-flex\">\n<figure class=\"wp-block-image size-large\"><img loading=\"lazy\" decoding=\"async\" width=\"1024\" height=\"768\" data-id=\"1713\" src=\"https:\/\/i0.wp.com\/chateaudevillemartin.fr\/wp-content\/uploads\/2025\/08\/IMG-20250605-WA0042.jpg?resize=1024%2C768&#038;ssl=1\" alt=\"\" class=\"wp-image-1713\" srcset=\"https:\/\/i0.wp.com\/chateaudevillemartin.fr\/wp-content\/uploads\/2025\/08\/IMG-20250605-WA0042.jpg?resize=1024%2C768&amp;ssl=1 1024w, https:\/\/i0.wp.com\/chateaudevillemartin.fr\/wp-content\/uploads\/2025\/08\/IMG-20250605-WA0042.jpg?resize=300%2C225&amp;ssl=1 300w, https:\/\/i0.wp.com\/chateaudevillemartin.fr\/wp-content\/uploads\/2025\/08\/IMG-20250605-WA0042.jpg?resize=768%2C576&amp;ssl=1 768w, https:\/\/i0.wp.com\/chateaudevillemartin.fr\/wp-content\/uploads\/2025\/08\/IMG-20250605-WA0042.jpg?resize=1536%2C1152&amp;ssl=1 1536w, https:\/\/i0.wp.com\/chateaudevillemartin.fr\/wp-content\/uploads\/2025\/08\/IMG-20250605-WA0042.jpg?resize=16%2C12&amp;ssl=1 16w, https:\/\/i0.wp.com\/chateaudevillemartin.fr\/wp-content\/uploads\/2025\/08\/IMG-20250605-WA0042.jpg?w=1600&amp;ssl=1 1600w\" sizes=\"auto, (max-width: 1024px) 100vw, 1024px\" data-recalc-dims=\"1\" \/><\/figure>\n\n\n\n<figure class=\"wp-block-image size-large\"><img loading=\"lazy\" decoding=\"async\" width=\"768\" height=\"1024\" data-id=\"1714\" src=\"https:\/\/i0.wp.com\/chateaudevillemartin.fr\/wp-content\/uploads\/2025\/08\/biblio-1.jpg?resize=768%2C1024&#038;ssl=1\" alt=\"\" class=\"wp-image-1714\" srcset=\"https:\/\/i0.wp.com\/chateaudevillemartin.fr\/wp-content\/uploads\/2025\/08\/biblio-1.jpg?resize=768%2C1024&amp;ssl=1 768w, https:\/\/i0.wp.com\/chateaudevillemartin.fr\/wp-content\/uploads\/2025\/08\/biblio-1.jpg?resize=225%2C300&amp;ssl=1 225w, https:\/\/i0.wp.com\/chateaudevillemartin.fr\/wp-content\/uploads\/2025\/08\/biblio-1.jpg?resize=1152%2C1536&amp;ssl=1 1152w, https:\/\/i0.wp.com\/chateaudevillemartin.fr\/wp-content\/uploads\/2025\/08\/biblio-1.jpg?resize=9%2C12&amp;ssl=1 9w, https:\/\/i0.wp.com\/chateaudevillemartin.fr\/wp-content\/uploads\/2025\/08\/biblio-1.jpg?w=1536&amp;ssl=1 1536w\" sizes=\"auto, (max-width: 768px) 100vw, 768px\" data-recalc-dims=\"1\" \/><\/figure>\n\n\n\n<figure class=\"wp-block-image size-large\"><img loading=\"lazy\" decoding=\"async\" width=\"768\" height=\"1024\" data-id=\"1711\" src=\"https:\/\/i0.wp.com\/chateaudevillemartin.fr\/wp-content\/uploads\/2025\/08\/IMG-20250605-WA0049.jpg?resize=768%2C1024&#038;ssl=1\" alt=\"\" class=\"wp-image-1711\" srcset=\"https:\/\/i0.wp.com\/chateaudevillemartin.fr\/wp-content\/uploads\/2025\/08\/IMG-20250605-WA0049.jpg?resize=768%2C1024&amp;ssl=1 768w, https:\/\/i0.wp.com\/chateaudevillemartin.fr\/wp-content\/uploads\/2025\/08\/IMG-20250605-WA0049.jpg?resize=225%2C300&amp;ssl=1 225w, https:\/\/i0.wp.com\/chateaudevillemartin.fr\/wp-content\/uploads\/2025\/08\/IMG-20250605-WA0049.jpg?resize=1152%2C1536&amp;ssl=1 1152w, https:\/\/i0.wp.com\/chateaudevillemartin.fr\/wp-content\/uploads\/2025\/08\/IMG-20250605-WA0049.jpg?resize=9%2C12&amp;ssl=1 9w, https:\/\/i0.wp.com\/chateaudevillemartin.fr\/wp-content\/uploads\/2025\/08\/IMG-20250605-WA0049.jpg?w=1536&amp;ssl=1 1536w\" sizes=\"auto, (max-width: 768px) 100vw, 768px\" data-recalc-dims=\"1\" \/><\/figure>\n\n\n\n<figure class=\"wp-block-image size-large\"><img loading=\"lazy\" decoding=\"async\" width=\"683\" height=\"1024\" data-id=\"1709\" src=\"https:\/\/i0.wp.com\/chateaudevillemartin.fr\/wp-content\/uploads\/2025\/08\/CHATEAUDEVILLEMARTINHD-124.jpg?resize=683%2C1024&#038;ssl=1\" alt=\"\" class=\"wp-image-1709\" srcset=\"https:\/\/i0.wp.com\/chateaudevillemartin.fr\/wp-content\/uploads\/2025\/08\/CHATEAUDEVILLEMARTINHD-124-scaled.jpg?resize=683%2C1024&amp;ssl=1 683w, https:\/\/i0.wp.com\/chateaudevillemartin.fr\/wp-content\/uploads\/2025\/08\/CHATEAUDEVILLEMARTINHD-124-scaled.jpg?resize=200%2C300&amp;ssl=1 200w, https:\/\/i0.wp.com\/chateaudevillemartin.fr\/wp-content\/uploads\/2025\/08\/CHATEAUDEVILLEMARTINHD-124-scaled.jpg?resize=768%2C1152&amp;ssl=1 768w, https:\/\/i0.wp.com\/chateaudevillemartin.fr\/wp-content\/uploads\/2025\/08\/CHATEAUDEVILLEMARTINHD-124-scaled.jpg?resize=1024%2C1536&amp;ssl=1 1024w, https:\/\/i0.wp.com\/chateaudevillemartin.fr\/wp-content\/uploads\/2025\/08\/CHATEAUDEVILLEMARTINHD-124-scaled.jpg?resize=1365%2C2048&amp;ssl=1 1365w, https:\/\/i0.wp.com\/chateaudevillemartin.fr\/wp-content\/uploads\/2025\/08\/CHATEAUDEVILLEMARTINHD-124-scaled.jpg?resize=8%2C12&amp;ssl=1 8w, https:\/\/i0.wp.com\/chateaudevillemartin.fr\/wp-content\/uploads\/2025\/08\/CHATEAUDEVILLEMARTINHD-124-scaled.jpg?w=1707&amp;ssl=1 1707w\" sizes=\"auto, (max-width: 683px) 100vw, 683px\" data-recalc-dims=\"1\" \/><\/figure>\n\n\n\n<figure class=\"wp-block-image size-large\"><img loading=\"lazy\" decoding=\"async\" width=\"683\" height=\"1024\" data-id=\"1708\" src=\"https:\/\/i0.wp.com\/chateaudevillemartin.fr\/wp-content\/uploads\/2025\/08\/CHATEAUDEVILLEMARTINHD-37.jpg?resize=683%2C1024&#038;ssl=1\" alt=\"\" class=\"wp-image-1708\" srcset=\"https:\/\/i0.wp.com\/chateaudevillemartin.fr\/wp-content\/uploads\/2025\/08\/CHATEAUDEVILLEMARTINHD-37-scaled.jpg?resize=683%2C1024&amp;ssl=1 683w, https:\/\/i0.wp.com\/chateaudevillemartin.fr\/wp-content\/uploads\/2025\/08\/CHATEAUDEVILLEMARTINHD-37-scaled.jpg?resize=200%2C300&amp;ssl=1 200w, https:\/\/i0.wp.com\/chateaudevillemartin.fr\/wp-content\/uploads\/2025\/08\/CHATEAUDEVILLEMARTINHD-37-scaled.jpg?resize=768%2C1152&amp;ssl=1 768w, https:\/\/i0.wp.com\/chateaudevillemartin.fr\/wp-content\/uploads\/2025\/08\/CHATEAUDEVILLEMARTINHD-37-scaled.jpg?resize=1024%2C1536&amp;ssl=1 1024w, https:\/\/i0.wp.com\/chateaudevillemartin.fr\/wp-content\/uploads\/2025\/08\/CHATEAUDEVILLEMARTINHD-37-scaled.jpg?resize=1365%2C2048&amp;ssl=1 1365w, https:\/\/i0.wp.com\/chateaudevillemartin.fr\/wp-content\/uploads\/2025\/08\/CHATEAUDEVILLEMARTINHD-37-scaled.jpg?resize=8%2C12&amp;ssl=1 8w, https:\/\/i0.wp.com\/chateaudevillemartin.fr\/wp-content\/uploads\/2025\/08\/CHATEAUDEVILLEMARTINHD-37-scaled.jpg?w=1707&amp;ssl=1 1707w\" sizes=\"auto, (max-width: 683px) 100vw, 683px\" data-recalc-dims=\"1\" \/><\/figure>\n\n\n\n<figure class=\"wp-block-image size-large\"><img loading=\"lazy\" decoding=\"async\" width=\"1024\" height=\"683\" data-id=\"1703\" src=\"https:\/\/i0.wp.com\/chateaudevillemartin.fr\/wp-content\/uploads\/2025\/08\/CHATEAUDEVILLEMARTINHD-166.jpg?resize=1024%2C683&#038;ssl=1\" alt=\"\" class=\"wp-image-1703\" srcset=\"https:\/\/i0.wp.com\/chateaudevillemartin.fr\/wp-content\/uploads\/2025\/08\/CHATEAUDEVILLEMARTINHD-166-scaled.jpg?resize=1024%2C683&amp;ssl=1 1024w, https:\/\/i0.wp.com\/chateaudevillemartin.fr\/wp-content\/uploads\/2025\/08\/CHATEAUDEVILLEMARTINHD-166-scaled.jpg?resize=300%2C200&amp;ssl=1 300w, https:\/\/i0.wp.com\/chateaudevillemartin.fr\/wp-content\/uploads\/2025\/08\/CHATEAUDEVILLEMARTINHD-166-scaled.jpg?resize=768%2C512&amp;ssl=1 768w, https:\/\/i0.wp.com\/chateaudevillemartin.fr\/wp-content\/uploads\/2025\/08\/CHATEAUDEVILLEMARTINHD-166-scaled.jpg?resize=1536%2C1024&amp;ssl=1 1536w, https:\/\/i0.wp.com\/chateaudevillemartin.fr\/wp-content\/uploads\/2025\/08\/CHATEAUDEVILLEMARTINHD-166-scaled.jpg?resize=2048%2C1365&amp;ssl=1 2048w, https:\/\/i0.wp.com\/chateaudevillemartin.fr\/wp-content\/uploads\/2025\/08\/CHATEAUDEVILLEMARTINHD-166-scaled.jpg?resize=18%2C12&amp;ssl=1 18w, https:\/\/i0.wp.com\/chateaudevillemartin.fr\/wp-content\/uploads\/2025\/08\/CHATEAUDEVILLEMARTINHD-166-scaled.jpg?resize=930%2C620&amp;ssl=1 930w, https:\/\/i0.wp.com\/chateaudevillemartin.fr\/wp-content\/uploads\/2025\/08\/CHATEAUDEVILLEMARTINHD-166-scaled.jpg?w=2400&amp;ssl=1 2400w\" sizes=\"auto, (max-width: 1024px) 100vw, 1024px\" data-recalc-dims=\"1\" \/><\/figure>\n<\/figure>\n\n\n\n<p class=\"paragraphe\">Do you fancy a <strong>outdoor wedding<\/strong>, our terrace with a 180\u00b0 view of the <strong>vineyard<\/strong> is right for you.  Don't hesitate to contact us for a quote. <\/p>\n\n\n\n<div class=\"wp-block-buttons is-content-justification-center is-layout-flex wp-container-core-buttons-is-layout-16018d1d wp-block-buttons-is-layout-flex\">\n<div class=\"wp-block-button\"><a class=\"wp-block-button__link wp-element-button\" href=\"https:\/\/www.mariage-chateau-villemartin.com\/contact\">Contact us<\/a><\/div>\n<\/div>\n\n\n\n<div style=\"height:38px\" aria-hidden=\"true\" class=\"wp-block-spacer\"><\/div>","protected":false},"excerpt":{"rendered":"<p>Organisez votre mariage pr\u00e8s de Carcassonne Organisez votre mariage au Ch\u00e2teau de Villemartin dans un cadre romantique. A seulement quelques kilom\u00e8tres de Limoux et de Carcassonne et \u00e0 1 heure de Toulouse, vous pourrez cr\u00e9er un le mariage de vos r\u00eaves pr\u00e8s des Pyr\u00e9n\u00e9es. Peut importe le nombre de personnes que vous souhaitez convi\u00e9 nous&hellip;&nbsp;<a href=\"https:\/\/chateaudevillemartin.fr\/en\/mariage-chateau-pres-de-carcassonne\/\" class=\"\" rel=\"bookmark\">Read More &raquo;<span class=\"screen-reader-text\">Les mariages<\/span><\/a><\/p>","protected":false},"author":1,"featured_media":0,"parent":0,"menu_order":0,"comment_status":"closed","ping_status":"closed","template":"","meta":{"neve_meta_sidebar":"","neve_meta_container":"default","neve_meta_enable_content_width":"off","neve_meta_content_width":95,"neve_meta_title_alignment":"center","neve_meta_author_avatar":"","neve_post_elements_order":"","neve_meta_disable_header":"off","neve_meta_disable_footer":"","neve_meta_disable_title":"on","footnotes":""},"class_list":["post-154","page","type-page","status-publish","hentry"],"acf":[],"yoast_head":"<!-- This site is optimized with the Yoast SEO plugin v20.13 - https:\/\/yoast.com\/wordpress\/plugins\/seo\/ -->\n<title>Les mariages - Ch\u00e2teau de Villemartin<\/title>\n<meta name=\"description\" content=\"Vous \u00eates \u00e0 la recherche d&#039;un lieu pour l&#039;organisation de votre mariage dans le sud ouest pr\u00e8s de Carcassonne. Le ch\u00e2teau Villemartin est ...\" \/>\n<meta name=\"robots\" content=\"index, follow, max-snippet:-1, max-image-preview:large, max-video-preview:-1\" \/>\n<link rel=\"canonical\" href=\"https:\/\/chateaudevillemartin.fr\/en\/mariage-chateau-pres-de-carcassonne\/\" \/>\n<meta property=\"og:locale\" content=\"en_GB\" \/>\n<meta property=\"og:type\" content=\"article\" \/>\n<meta property=\"og:title\" content=\"Les mariages - Ch\u00e2teau de Villemartin\" \/>\n<meta property=\"og:description\" content=\"Vous \u00eates \u00e0 la recherche d&#039;un lieu pour l&#039;organisation de votre mariage dans le sud ouest pr\u00e8s de Carcassonne. Le ch\u00e2teau Villemartin est ...\" \/>\n<meta property=\"og:url\" content=\"https:\/\/chateaudevillemartin.fr\/en\/mariage-chateau-pres-de-carcassonne\/\" \/>\n<meta property=\"og:site_name\" content=\"Ch\u00e2teau de Villemartin\" \/>\n<meta property=\"article:publisher\" content=\"https:\/\/www.facebook.com\/Chateaudevillemartin\" \/>\n<meta property=\"article:modified_time\" content=\"2025-08-25T09:44:55+00:00\" \/>\n<meta property=\"og:image\" content=\"https:\/\/chateaudevillemartin.fr\/wp-content\/uploads\/2025\/08\/CHATEAUDEVILLEMARTINHD-166-1024x683.jpg\" \/>\n<meta name=\"twitter:card\" content=\"summary_large_image\" \/>\n<meta name=\"twitter:label1\" content=\"Estimated reading time\" \/>\n\t<meta name=\"twitter:data1\" content=\"2 minutes\" \/>\n<script type=\"application\/ld+json\" class=\"yoast-schema-graph\">{\"@context\":\"https:\/\/schema.org\",\"@graph\":[{\"@type\":\"WebPage\",\"@id\":\"https:\/\/chateaudevillemartin.fr\/mariage-chateau-pres-de-carcassonne\/\",\"url\":\"https:\/\/chateaudevillemartin.fr\/mariage-chateau-pres-de-carcassonne\/\",\"name\":\"Les mariages - Ch\u00e2teau de Villemartin\",\"isPartOf\":{\"@id\":\"https:\/\/chateaudevillemartin.fr\/#website\"},\"datePublished\":\"2023-02-28T09:02:22+00:00\",\"dateModified\":\"2025-08-25T09:44:55+00:00\",\"description\":\"Vous \u00eates \u00e0 la recherche d'un lieu pour l'organisation de votre mariage dans le sud ouest pr\u00e8s de Carcassonne. Le ch\u00e2teau Villemartin est ...\",\"breadcrumb\":{\"@id\":\"https:\/\/chateaudevillemartin.fr\/mariage-chateau-pres-de-carcassonne\/#breadcrumb\"},\"inLanguage\":\"en-GB\",\"potentialAction\":[{\"@type\":\"ReadAction\",\"target\":[\"https:\/\/chateaudevillemartin.fr\/mariage-chateau-pres-de-carcassonne\/\"]}]},{\"@type\":\"BreadcrumbList\",\"@id\":\"https:\/\/chateaudevillemartin.fr\/mariage-chateau-pres-de-carcassonne\/#breadcrumb\",\"itemListElement\":[{\"@type\":\"ListItem\",\"position\":1,\"name\":\"Accueil\",\"item\":\"https:\/\/chateaudevillemartin.fr\/\"},{\"@type\":\"ListItem\",\"position\":2,\"name\":\"Les mariages\"}]},{\"@type\":\"WebSite\",\"@id\":\"https:\/\/chateaudevillemartin.fr\/#website\",\"url\":\"https:\/\/chateaudevillemartin.fr\/\",\"name\":\"Ch\u00e2teau de Villemartin\",\"description\":\"\",\"publisher\":{\"@id\":\"https:\/\/chateaudevillemartin.fr\/#organization\"},\"potentialAction\":[{\"@type\":\"SearchAction\",\"target\":{\"@type\":\"EntryPoint\",\"urlTemplate\":\"https:\/\/chateaudevillemartin.fr\/?s={search_term_string}\"},\"query-input\":\"required name=search_term_string\"}],\"inLanguage\":\"en-GB\"},{\"@type\":\"Organization\",\"@id\":\"https:\/\/chateaudevillemartin.fr\/#organization\",\"name\":\"Ch\u00e2teau de Villemartin\",\"url\":\"https:\/\/chateaudevillemartin.fr\/\",\"logo\":{\"@type\":\"ImageObject\",\"inLanguage\":\"en-GB\",\"@id\":\"https:\/\/chateaudevillemartin.fr\/#\/schema\/logo\/image\/\",\"url\":\"https:\/\/chateaudevillemartin.fr\/wp-content\/uploads\/2023\/04\/lOGO-GRIS-BLANC.png\",\"contentUrl\":\"https:\/\/chateaudevillemartin.fr\/wp-content\/uploads\/2023\/04\/lOGO-GRIS-BLANC.png\",\"width\":1064,\"height\":619,\"caption\":\"Ch\u00e2teau de Villemartin\"},\"image\":{\"@id\":\"https:\/\/chateaudevillemartin.fr\/#\/schema\/logo\/image\/\"},\"sameAs\":[\"https:\/\/www.facebook.com\/Chateaudevillemartin\",\"https:\/\/www.instagram.com\/chateaudevillemartin\/\"]}]}<\/script>\n<!-- \/ Yoast SEO plugin. -->","yoast_head_json":{"title":"Les mariages - Ch\u00e2teau de Villemartin","description":"Vous \u00eates \u00e0 la recherche d'un lieu pour l'organisation de votre mariage dans le sud ouest pr\u00e8s de Carcassonne. Le ch\u00e2teau Villemartin est ...","robots":{"index":"index","follow":"follow","max-snippet":"max-snippet:-1","max-image-preview":"max-image-preview:large","max-video-preview":"max-video-preview:-1"},"canonical":"https:\/\/chateaudevillemartin.fr\/en\/mariage-chateau-pres-de-carcassonne\/","og_locale":"en_GB","og_type":"article","og_title":"Les mariages - Ch\u00e2teau de Villemartin","og_description":"Vous \u00eates \u00e0 la recherche d'un lieu pour l'organisation de votre mariage dans le sud ouest pr\u00e8s de Carcassonne. Le ch\u00e2teau Villemartin est ...","og_url":"https:\/\/chateaudevillemartin.fr\/en\/mariage-chateau-pres-de-carcassonne\/","og_site_name":"Ch\u00e2teau de Villemartin","article_publisher":"https:\/\/www.facebook.com\/Chateaudevillemartin","article_modified_time":"2025-08-25T09:44:55+00:00","og_image":[{"url":"https:\/\/chateaudevillemartin.fr\/wp-content\/uploads\/2025\/08\/CHATEAUDEVILLEMARTINHD-166-1024x683.jpg"}],"twitter_card":"summary_large_image","twitter_misc":{"Estimated reading time":"2 minutes"},"schema":{"@context":"https:\/\/schema.org","@graph":[{"@type":"WebPage","@id":"https:\/\/chateaudevillemartin.fr\/mariage-chateau-pres-de-carcassonne\/","url":"https:\/\/chateaudevillemartin.fr\/mariage-chateau-pres-de-carcassonne\/","name":"Les mariages - Ch\u00e2teau de Villemartin","isPartOf":{"@id":"https:\/\/chateaudevillemartin.fr\/#website"},"datePublished":"2023-02-28T09:02:22+00:00","dateModified":"2025-08-25T09:44:55+00:00","description":"Vous \u00eates \u00e0 la recherche d'un lieu pour l'organisation de votre mariage dans le sud ouest pr\u00e8s de Carcassonne. Le ch\u00e2teau Villemartin est ...","breadcrumb":{"@id":"https:\/\/chateaudevillemartin.fr\/mariage-chateau-pres-de-carcassonne\/#breadcrumb"},"inLanguage":"en-GB","potentialAction":[{"@type":"ReadAction","target":["https:\/\/chateaudevillemartin.fr\/mariage-chateau-pres-de-carcassonne\/"]}]},{"@type":"BreadcrumbList","@id":"https:\/\/chateaudevillemartin.fr\/mariage-chateau-pres-de-carcassonne\/#breadcrumb","itemListElement":[{"@type":"ListItem","position":1,"name":"Accueil","item":"https:\/\/chateaudevillemartin.fr\/"},{"@type":"ListItem","position":2,"name":"Les mariages"}]},{"@type":"WebSite","@id":"https:\/\/chateaudevillemartin.fr\/#website","url":"https:\/\/chateaudevillemartin.fr\/","name":"Ch\u00e2teau de Villemartin","description":"","publisher":{"@id":"https:\/\/chateaudevillemartin.fr\/#organization"},"potentialAction":[{"@type":"SearchAction","target":{"@type":"EntryPoint","urlTemplate":"https:\/\/chateaudevillemartin.fr\/?s={search_term_string}"},"query-input":"required name=search_term_string"}],"inLanguage":"en-GB"},{"@type":"Organization","@id":"https:\/\/chateaudevillemartin.fr\/#organization","name":"Ch\u00e2teau de Villemartin","url":"https:\/\/chateaudevillemartin.fr\/","logo":{"@type":"ImageObject","inLanguage":"en-GB","@id":"https:\/\/chateaudevillemartin.fr\/#\/schema\/logo\/image\/","url":"https:\/\/chateaudevillemartin.fr\/wp-content\/uploads\/2023\/04\/lOGO-GRIS-BLANC.png","contentUrl":"https:\/\/chateaudevillemartin.fr\/wp-content\/uploads\/2023\/04\/lOGO-GRIS-BLANC.png","width":1064,"height":619,"caption":"Ch\u00e2teau de Villemartin"},"image":{"@id":"https:\/\/chateaudevillemartin.fr\/#\/schema\/logo\/image\/"},"sameAs":["https:\/\/www.facebook.com\/Chateaudevillemartin","https:\/\/www.instagram.com\/chateaudevillemartin\/"]}]}},"_links":{"self":[{"href":"https:\/\/chateaudevillemartin.fr\/en\/wp-json\/wp\/v2\/pages\/154","targetHints":{"allow":["GET"]}}],"collection":[{"href":"https:\/\/chateaudevillemartin.fr\/en\/wp-json\/wp\/v2\/pages"}],"about":[{"href":"https:\/\/chateaudevillemartin.fr\/en\/wp-json\/wp\/v2\/types\/page"}],"author":[{"embeddable":true,"href":"https:\/\/chateaudevillemartin.fr\/en\/wp-json\/wp\/v2\/users\/1"}],"replies":[{"embeddable":true,"href":"https:\/\/chateaudevillemartin.fr\/en\/wp-json\/wp\/v2\/comments?post=154"}],"version-history":[{"count":47,"href":"https:\/\/chateaudevillemartin.fr\/en\/wp-json\/wp\/v2\/pages\/154\/revisions"}],"predecessor-version":[{"id":1732,"href":"https:\/\/chateaudevillemartin.fr\/en\/wp-json\/wp\/v2\/pages\/154\/revisions\/1732"}],"wp:attachment":[{"href":"https:\/\/chateaudevillemartin.fr\/en\/wp-json\/wp\/v2\/media?parent=154"}],"curies":[{"name":"wp","href":"https:\/\/api.w.org\/{rel}","templated":true}]}}