{"id":10,"date":"2023-01-31T11:17:24","date_gmt":"2023-01-31T10:17:24","guid":{"rendered":"https:\/\/frhb10946ds.ikexpress.com\/~hernot\/chateauvillemartin\/?page_id=10"},"modified":"2023-07-31T08:54:38","modified_gmt":"2023-07-31T06:54:38","slug":"contact","status":"publish","type":"page","link":"https:\/\/chateaudevillemartin.fr\/en\/contact\/","title":{"rendered":"Contactez le Ch\u00e2teau de Villemartin"},"content":{"rendered":"<div class=\"wp-block-cover alignfull is-light has-custom-content-position is-position-top-center\" style=\"min-height:300px;aspect-ratio:unset;\"><span aria-hidden=\"true\" class=\"wp-block-cover__background has-nv-site-bg-background-color has-background-dim\"><\/span><img loading=\"lazy\" decoding=\"async\" width=\"1200\" height=\"546\" class=\"wp-block-cover__image-background wp-image-280\" alt=\"\" src=\"https:\/\/i0.wp.com\/chateaudevillemartin.fr\/wp-content\/uploads\/2023\/03\/Sans-titre-3-1-e1677753039985.png?resize=1200%2C546&#038;ssl=1\" data-object-fit=\"cover\" srcset=\"https:\/\/i0.wp.com\/chateaudevillemartin.fr\/wp-content\/uploads\/2023\/03\/Sans-titre-3-1-e1677753039985.png?w=1640&amp;ssl=1 1640w, https:\/\/i0.wp.com\/chateaudevillemartin.fr\/wp-content\/uploads\/2023\/03\/Sans-titre-3-1-e1677753039985.png?resize=300%2C136&amp;ssl=1 300w, https:\/\/i0.wp.com\/chateaudevillemartin.fr\/wp-content\/uploads\/2023\/03\/Sans-titre-3-1-e1677753039985.png?resize=1024%2C466&amp;ssl=1 1024w, https:\/\/i0.wp.com\/chateaudevillemartin.fr\/wp-content\/uploads\/2023\/03\/Sans-titre-3-1-e1677753039985.png?resize=768%2C349&amp;ssl=1 768w, https:\/\/i0.wp.com\/chateaudevillemartin.fr\/wp-content\/uploads\/2023\/03\/Sans-titre-3-1-e1677753039985.png?resize=1536%2C699&amp;ssl=1 1536w\" sizes=\"auto, (max-width: 1200px) 100vw, 1200px\" data-recalc-dims=\"1\" \/><div class=\"wp-block-cover__inner-container is-layout-flow wp-block-cover-is-layout-flow\">\n<p class=\"has-text-align-center has-large-font-size\"><\/p>\n<\/div><\/div>\n\n\n\n<div class=\"wp-block-cover alignfull\" style=\"min-height:420px;aspect-ratio:unset;\"><span aria-hidden=\"true\" class=\"wp-block-cover__background has-nv-light-bg-background-color has-background-dim-100 has-background-dim\"><\/span><div class=\"wp-block-cover__inner-container is-layout-flow wp-block-cover-is-layout-flow\">\n<div style=\"height:40px\" aria-hidden=\"true\" class=\"wp-block-spacer\"><\/div>\n\n\n\n<section class=\"titre\">\n    <h2 style=\"color:#2B2B2B\" class=\"vignoble\"> Contacter le domaine <\/h2>\n    <div class=\"rectangle\">\n    <\/div>\n  <\/section>\n\n\n\n<div style=\"height:40px\" aria-hidden=\"true\" class=\"wp-block-spacer\"><\/div>\n\n\n\n<p class=\"has-text-align-center has-neve-text-color-color has-text-color\">Envie de visiter notre domaine, vous pouvez aussi nous contacter afin de convenir d&#8217;une date. <\/p>\n\n\n\n<p class=\"has-text-align-center has-neve-text-color-color has-text-color\">R\u00e9servation n\u00e9cessaire au moins 48 heures \u00e0 l&#8217;avance afin de nous organiser.   <\/p>\n\n\n\n<div style=\"height:40px\" aria-hidden=\"true\" class=\"wp-block-spacer\"><\/div>\n\n\n\n<div class=\"wp-block-columns is-layout-flex wp-container-core-columns-is-layout-9d6595d7 wp-block-columns-is-layout-flex\">\n<div class=\"wp-block-column is-layout-flow wp-block-column-is-layout-flow\">\n<div style=\"height:24px\" aria-hidden=\"true\" class=\"wp-block-spacer\"><\/div>\n\n\n<div class=\"wp-block-image icon-style is-style-rounded\">\n<figure class=\"aligncenter is-resized\"><img loading=\"lazy\" decoding=\"async\" src=\"https:\/\/chateaudevillemartin.fr\/wp-content\/themes\/neve\/assets\/img\/starter-content\/icon-05.svg\" alt=\"\" width=\"48\" height=\"48\"\/><\/figure>\n<\/div>\n\n\n<h3 class=\"wp-block-heading has-text-align-center has-neve-text-color-color has-text-color\">T\u00e9l\u00e9phone<\/h3>\n\n\n\n<p class=\"has-text-align-center\"><a href=\"tel: 33602313624\">\u00a006 02 31 36 24<\/a><\/p>\n\n\n\n<div style=\"height:24px\" aria-hidden=\"true\" class=\"wp-block-spacer\"><\/div>\n<\/div>\n\n\n\n<div class=\"wp-block-column is-layout-flow wp-block-column-is-layout-flow\">\n<div style=\"height:24px\" aria-hidden=\"true\" class=\"wp-block-spacer\"><\/div>\n\n\n<div class=\"wp-block-image icon-style is-style-rounded\">\n<figure class=\"aligncenter is-resized\"><img loading=\"lazy\" decoding=\"async\" src=\"https:\/\/chateaudevillemartin.fr\/wp-content\/themes\/neve\/assets\/img\/starter-content\/icon-06.svg\" alt=\"\" width=\"48\" height=\"48\"\/><\/figure>\n<\/div>\n\n\n<h3 class=\"wp-block-heading has-text-align-center has-neve-text-color-color has-text-color\">Adresse mail<\/h3>\n\n\n\n<p class=\"has-text-align-center has-neve-text-color-color has-text-color\" style=\"font-size:15px\"><a href=\"mailto:contact@domainesbgwine.com\">\u00a0contact@domainesbgwine.com<\/a><\/p>\n\n\n\n<div style=\"height:24px\" aria-hidden=\"true\" class=\"wp-block-spacer\"><\/div>\n<\/div>\n\n\n\n<div class=\"wp-block-column is-layout-flow wp-block-column-is-layout-flow\">\n<div style=\"height:24px\" aria-hidden=\"true\" class=\"wp-block-spacer\"><\/div>\n\n\n<div class=\"wp-block-image icon-style is-style-rounded\">\n<figure class=\"aligncenter is-resized\"><img loading=\"lazy\" decoding=\"async\" src=\"https:\/\/chateaudevillemartin.fr\/wp-content\/themes\/neve\/assets\/img\/starter-content\/icon-04.svg\" alt=\"\" width=\"48\" height=\"48\"\/><\/figure>\n<\/div>\n\n\n<h3 class=\"wp-block-heading has-text-align-center has-neve-text-color-color has-text-color\">Localisation<\/h3>\n\n\n\n<p class=\"has-text-align-center has-neve-text-color-color has-text-color\" style=\"font-size:15px\">                          Ch\u00e2teau de Villemartin,                           11300 Gaja-et-Villedieu<\/p>\n\n\n\n<div style=\"height:24px\" aria-hidden=\"true\" class=\"wp-block-spacer\"><\/div>\n<\/div>\n<\/div>\n\n\n\n<iframe src=\"https:\/\/www.google.com\/maps\/embed?pb=!1m18!1m12!1m3!1d980725.0614861343!2d1.439096382632329!3d43.13142208623266!2m3!1f0!2f0!3f0!3m2!1i1024!2i768!4f13.1!3m3!1m2!1s0x12afcbdb97f2047f%3A0x9f04ce88276e2894!2sCh%C3%A2teau%20de%20Villemartin%2C%2011300%20Gaja-et-Villedieu!5e0!3m2!1sfr!2sfr!4v1677752457812!5m2!1sfr!2sfr\" width=\"100%\" height=\"400\" style=\"border:0;\" allowfullscreen=\"\" loading=\"lazy\" referrerpolicy=\"no-referrer-when-downgrade\"><\/iframe>\n<\/div><\/div>","protected":false},"excerpt":{"rendered":"","protected":false},"author":1,"featured_media":0,"parent":0,"menu_order":0,"comment_status":"closed","ping_status":"closed","template":"","meta":{"neve_meta_sidebar":"","neve_meta_container":"","neve_meta_enable_content_width":"on","neve_meta_content_width":100,"neve_meta_title_alignment":"","neve_meta_author_avatar":"","neve_post_elements_order":"","neve_meta_disable_header":"","neve_meta_disable_footer":"","neve_meta_disable_title":"on","footnotes":""},"class_list":["post-10","page","type-page","status-publish","hentry"],"acf":[],"yoast_head":"<!-- This site is optimized with the Yoast SEO plugin v20.13 - https:\/\/yoast.com\/wordpress\/plugins\/seo\/ -->\n<title>Contactez le Ch\u00e2teau de Villemartin - Ch\u00e2teau de Villemartin<\/title>\n<meta name=\"description\" content=\"N&#039;h\u00e9sitez pas \u00e0 nous contacter pour toutes questions relative au vignoble : r\u00e9servation d&#039;h\u00e9bergement, organisation \u00e9v\u00e8nements, visites ...\" \/>\n<meta name=\"robots\" content=\"index, follow, max-snippet:-1, max-image-preview:large, max-video-preview:-1\" \/>\n<link rel=\"canonical\" href=\"https:\/\/chateaudevillemartin.fr\/en\/contact\/\" \/>\n<meta property=\"og:locale\" content=\"en_GB\" \/>\n<meta property=\"og:type\" content=\"article\" \/>\n<meta property=\"og:title\" content=\"Contactez le Ch\u00e2teau de Villemartin - Ch\u00e2teau de Villemartin\" \/>\n<meta property=\"og:description\" content=\"N&#039;h\u00e9sitez pas \u00e0 nous contacter pour toutes questions relative au vignoble : r\u00e9servation d&#039;h\u00e9bergement, organisation \u00e9v\u00e8nements, visites ...\" \/>\n<meta property=\"og:url\" content=\"https:\/\/chateaudevillemartin.fr\/en\/contact\/\" \/>\n<meta property=\"og:site_name\" content=\"Ch\u00e2teau de Villemartin\" \/>\n<meta property=\"article:publisher\" content=\"https:\/\/www.facebook.com\/Chateaudevillemartin\" \/>\n<meta property=\"article:modified_time\" content=\"2023-07-31T06:54:38+00:00\" \/>\n<meta property=\"og:image\" content=\"https:\/\/chateaudevillemartin.fr\/wp-content\/uploads\/2023\/03\/Sans-titre-3-1-e1677753039985.png\" \/>\n<meta name=\"twitter:card\" content=\"summary_large_image\" \/>\n<meta name=\"twitter:label1\" content=\"Estimated reading time\" \/>\n\t<meta name=\"twitter:data1\" content=\"2 minutes\" \/>\n<script type=\"application\/ld+json\" class=\"yoast-schema-graph\">{\"@context\":\"https:\/\/schema.org\",\"@graph\":[{\"@type\":\"WebPage\",\"@id\":\"https:\/\/chateaudevillemartin.fr\/contact\/\",\"url\":\"https:\/\/chateaudevillemartin.fr\/contact\/\",\"name\":\"Contactez le Ch\u00e2teau de Villemartin - Ch\u00e2teau de Villemartin\",\"isPartOf\":{\"@id\":\"https:\/\/chateaudevillemartin.fr\/#website\"},\"datePublished\":\"2023-01-31T10:17:24+00:00\",\"dateModified\":\"2023-07-31T06:54:38+00:00\",\"description\":\"N'h\u00e9sitez pas \u00e0 nous contacter pour toutes questions relative au vignoble : r\u00e9servation d'h\u00e9bergement, organisation \u00e9v\u00e8nements, visites ...\",\"breadcrumb\":{\"@id\":\"https:\/\/chateaudevillemartin.fr\/contact\/#breadcrumb\"},\"inLanguage\":\"en-GB\",\"potentialAction\":[{\"@type\":\"ReadAction\",\"target\":[\"https:\/\/chateaudevillemartin.fr\/contact\/\"]}]},{\"@type\":\"BreadcrumbList\",\"@id\":\"https:\/\/chateaudevillemartin.fr\/contact\/#breadcrumb\",\"itemListElement\":[{\"@type\":\"ListItem\",\"position\":1,\"name\":\"Accueil\",\"item\":\"https:\/\/chateaudevillemartin.fr\/\"},{\"@type\":\"ListItem\",\"position\":2,\"name\":\"Contactez le Ch\u00e2teau de Villemartin\"}]},{\"@type\":\"WebSite\",\"@id\":\"https:\/\/chateaudevillemartin.fr\/#website\",\"url\":\"https:\/\/chateaudevillemartin.fr\/\",\"name\":\"Ch\u00e2teau de Villemartin\",\"description\":\"\",\"publisher\":{\"@id\":\"https:\/\/chateaudevillemartin.fr\/#organization\"},\"potentialAction\":[{\"@type\":\"SearchAction\",\"target\":{\"@type\":\"EntryPoint\",\"urlTemplate\":\"https:\/\/chateaudevillemartin.fr\/?s={search_term_string}\"},\"query-input\":\"required name=search_term_string\"}],\"inLanguage\":\"en-GB\"},{\"@type\":\"Organization\",\"@id\":\"https:\/\/chateaudevillemartin.fr\/#organization\",\"name\":\"Ch\u00e2teau de Villemartin\",\"url\":\"https:\/\/chateaudevillemartin.fr\/\",\"logo\":{\"@type\":\"ImageObject\",\"inLanguage\":\"en-GB\",\"@id\":\"https:\/\/chateaudevillemartin.fr\/#\/schema\/logo\/image\/\",\"url\":\"https:\/\/chateaudevillemartin.fr\/wp-content\/uploads\/2023\/04\/lOGO-GRIS-BLANC.png\",\"contentUrl\":\"https:\/\/chateaudevillemartin.fr\/wp-content\/uploads\/2023\/04\/lOGO-GRIS-BLANC.png\",\"width\":1064,\"height\":619,\"caption\":\"Ch\u00e2teau de Villemartin\"},\"image\":{\"@id\":\"https:\/\/chateaudevillemartin.fr\/#\/schema\/logo\/image\/\"},\"sameAs\":[\"https:\/\/www.facebook.com\/Chateaudevillemartin\",\"https:\/\/www.instagram.com\/chateaudevillemartin\/\"]}]}<\/script>\n<!-- \/ Yoast SEO plugin. -->","yoast_head_json":{"title":"Contactez le Ch\u00e2teau de Villemartin - Ch\u00e2teau de Villemartin","description":"N'h\u00e9sitez pas \u00e0 nous contacter pour toutes questions relative au vignoble : r\u00e9servation d'h\u00e9bergement, organisation \u00e9v\u00e8nements, visites ...","robots":{"index":"index","follow":"follow","max-snippet":"max-snippet:-1","max-image-preview":"max-image-preview:large","max-video-preview":"max-video-preview:-1"},"canonical":"https:\/\/chateaudevillemartin.fr\/en\/contact\/","og_locale":"en_GB","og_type":"article","og_title":"Contactez le Ch\u00e2teau de Villemartin - Ch\u00e2teau de Villemartin","og_description":"N'h\u00e9sitez pas \u00e0 nous contacter pour toutes questions relative au vignoble : r\u00e9servation d'h\u00e9bergement, organisation \u00e9v\u00e8nements, visites ...","og_url":"https:\/\/chateaudevillemartin.fr\/en\/contact\/","og_site_name":"Ch\u00e2teau de Villemartin","article_publisher":"https:\/\/www.facebook.com\/Chateaudevillemartin","article_modified_time":"2023-07-31T06:54:38+00:00","og_image":[{"url":"https:\/\/chateaudevillemartin.fr\/wp-content\/uploads\/2023\/03\/Sans-titre-3-1-e1677753039985.png"}],"twitter_card":"summary_large_image","twitter_misc":{"Estimated reading time":"2 minutes"},"schema":{"@context":"https:\/\/schema.org","@graph":[{"@type":"WebPage","@id":"https:\/\/chateaudevillemartin.fr\/contact\/","url":"https:\/\/chateaudevillemartin.fr\/contact\/","name":"Contactez le Ch\u00e2teau de Villemartin - Ch\u00e2teau de Villemartin","isPartOf":{"@id":"https:\/\/chateaudevillemartin.fr\/#website"},"datePublished":"2023-01-31T10:17:24+00:00","dateModified":"2023-07-31T06:54:38+00:00","description":"N'h\u00e9sitez pas \u00e0 nous contacter pour toutes questions relative au vignoble : r\u00e9servation d'h\u00e9bergement, organisation \u00e9v\u00e8nements, visites ...","breadcrumb":{"@id":"https:\/\/chateaudevillemartin.fr\/contact\/#breadcrumb"},"inLanguage":"en-GB","potentialAction":[{"@type":"ReadAction","target":["https:\/\/chateaudevillemartin.fr\/contact\/"]}]},{"@type":"BreadcrumbList","@id":"https:\/\/chateaudevillemartin.fr\/contact\/#breadcrumb","itemListElement":[{"@type":"ListItem","position":1,"name":"Accueil","item":"https:\/\/chateaudevillemartin.fr\/"},{"@type":"ListItem","position":2,"name":"Contactez le Ch\u00e2teau de Villemartin"}]},{"@type":"WebSite","@id":"https:\/\/chateaudevillemartin.fr\/#website","url":"https:\/\/chateaudevillemartin.fr\/","name":"Ch\u00e2teau de Villemartin","description":"","publisher":{"@id":"https:\/\/chateaudevillemartin.fr\/#organization"},"potentialAction":[{"@type":"SearchAction","target":{"@type":"EntryPoint","urlTemplate":"https:\/\/chateaudevillemartin.fr\/?s={search_term_string}"},"query-input":"required name=search_term_string"}],"inLanguage":"en-GB"},{"@type":"Organization","@id":"https:\/\/chateaudevillemartin.fr\/#organization","name":"Ch\u00e2teau de Villemartin","url":"https:\/\/chateaudevillemartin.fr\/","logo":{"@type":"ImageObject","inLanguage":"en-GB","@id":"https:\/\/chateaudevillemartin.fr\/#\/schema\/logo\/image\/","url":"https:\/\/chateaudevillemartin.fr\/wp-content\/uploads\/2023\/04\/lOGO-GRIS-BLANC.png","contentUrl":"https:\/\/chateaudevillemartin.fr\/wp-content\/uploads\/2023\/04\/lOGO-GRIS-BLANC.png","width":1064,"height":619,"caption":"Ch\u00e2teau de Villemartin"},"image":{"@id":"https:\/\/chateaudevillemartin.fr\/#\/schema\/logo\/image\/"},"sameAs":["https:\/\/www.facebook.com\/Chateaudevillemartin","https:\/\/www.instagram.com\/chateaudevillemartin\/"]}]}},"_links":{"self":[{"href":"https:\/\/chateaudevillemartin.fr\/en\/wp-json\/wp\/v2\/pages\/10","targetHints":{"allow":["GET"]}}],"collection":[{"href":"https:\/\/chateaudevillemartin.fr\/en\/wp-json\/wp\/v2\/pages"}],"about":[{"href":"https:\/\/chateaudevillemartin.fr\/en\/wp-json\/wp\/v2\/types\/page"}],"author":[{"embeddable":true,"href":"https:\/\/chateaudevillemartin.fr\/en\/wp-json\/wp\/v2\/users\/1"}],"replies":[{"embeddable":true,"href":"https:\/\/chateaudevillemartin.fr\/en\/wp-json\/wp\/v2\/comments?post=10"}],"version-history":[{"count":10,"href":"https:\/\/chateaudevillemartin.fr\/en\/wp-json\/wp\/v2\/pages\/10\/revisions"}],"predecessor-version":[{"id":1427,"href":"https:\/\/chateaudevillemartin.fr\/en\/wp-json\/wp\/v2\/pages\/10\/revisions\/1427"}],"wp:attachment":[{"href":"https:\/\/chateaudevillemartin.fr\/en\/wp-json\/wp\/v2\/media?parent=10"}],"curies":[{"name":"wp","href":"https:\/\/api.w.org\/{rel}","templated":true}]}}